{"id":179,"date":"2025-06-27T07:56:55","date_gmt":"2025-06-27T07:56:55","guid":{"rendered":"https:\/\/www.htrdevelopment.com\/?page_id=179"},"modified":"2025-06-27T12:56:30","modified_gmt":"2025-06-27T12:56:30","slug":"unsere-fahigkeiten","status":"publish","type":"page","link":"https:\/\/www.htrdevelopment.com\/index.php\/unsere-fahigkeiten\/","title":{"rendered":"Unsere F\u00e4higkeiten"},"content":{"rendered":"\n<p>Wir f\u00fchren Anpassungen am Rollenpr\u00fcfstand f\u00fcr folgende Systeme durch : <\/p>\n\n\n\n<div id=\"wp-block-themeisle-blocks-icon-list-faf0f2ce\" class=\"wp-block-themeisle-blocks-icon-list\">\n<div id=\"wp-block-themeisle-blocks-icon-list-item-422143e8\" class=\"wp-block-themeisle-blocks-icon-list-item\"><i class=\"fas fa-check wp-block-themeisle-blocks-icon-list-item-icon\"><\/i><p class=\"wp-block-themeisle-blocks-icon-list-item-content\">Alle Vergassern typ<\/p><\/div>\n\n\n\n<div id=\"wp-block-themeisle-blocks-icon-list-item-a05b46ec\" class=\"wp-block-themeisle-blocks-icon-list-item\"><i class=\"fas fa-check wp-block-themeisle-blocks-icon-list-item-icon\"><\/i><p class=\"wp-block-themeisle-blocks-icon-list-item-content\">DTA<\/p><\/div>\n\n\n\n<div id=\"wp-block-themeisle-blocks-icon-list-item-716d7459\" class=\"wp-block-themeisle-blocks-icon-list-item\"><i class=\"fas fa-check wp-block-themeisle-blocks-icon-list-item-icon\"><\/i><p class=\"wp-block-themeisle-blocks-icon-list-item-content\">Pectel\/Cosworth<\/p><\/div>\n\n\n\n<div id=\"wp-block-themeisle-blocks-icon-list-item-ce38e699\" class=\"wp-block-themeisle-blocks-icon-list-item\"><i class=\"fas fa-check wp-block-themeisle-blocks-icon-list-item-icon\"><\/i><p class=\"wp-block-themeisle-blocks-icon-list-item-content\">Magneti-Marelli<\/p><\/div>\n\n\n\n<div id=\"wp-block-themeisle-blocks-icon-list-item-3944e8a8\" class=\"wp-block-themeisle-blocks-icon-list-item\"><i class=\"fas fa-check wp-block-themeisle-blocks-icon-list-item-icon\"><\/i><p class=\"wp-block-themeisle-blocks-icon-list-item-content\">MBE<\/p><\/div>\n\n\n\n<div id=\"wp-block-themeisle-blocks-icon-list-item-11d157ab\" class=\"wp-block-themeisle-blocks-icon-list-item\"><i class=\"fas fa-check wp-block-themeisle-blocks-icon-list-item-icon\"><\/i><p class=\"wp-block-themeisle-blocks-icon-list-item-content\">Trijekt<\/p><\/div>\n\n\n\n<div id=\"wp-block-themeisle-blocks-icon-list-item-e90982b2\" class=\"wp-block-themeisle-blocks-icon-list-item\"><i class=\"fas fa-check wp-block-themeisle-blocks-icon-list-item-icon\"><\/i><p class=\"wp-block-themeisle-blocks-icon-list-item-content\">Sodemo<\/p><\/div>\n\n\n\n<div id=\"wp-block-themeisle-blocks-icon-list-item-7574cab6\" class=\"wp-block-themeisle-blocks-icon-list-item\"><i class=\"fas fa-check wp-block-themeisle-blocks-icon-list-item-icon\"><\/i><p class=\"wp-block-themeisle-blocks-icon-list-item-content\">Sybele<\/p><\/div>\n\n\n\n<div id=\"wp-block-themeisle-blocks-icon-list-item-ae508cf1\" class=\"wp-block-themeisle-blocks-icon-list-item\"><i class=\"fas fa-check wp-block-themeisle-blocks-icon-list-item-icon\"><\/i><p class=\"wp-block-themeisle-blocks-icon-list-item-content\">Zytek<\/p><\/div>\n\n\n\n<div id=\"wp-block-themeisle-blocks-icon-list-item-ea7e4253\" class=\"wp-block-themeisle-blocks-icon-list-item\"><i class=\"fas fa-check wp-block-themeisle-blocks-icon-list-item-icon\"><\/i><p class=\"wp-block-themeisle-blocks-icon-list-item-content\">Bosch Motorsport<\/p><\/div>\n\n\n\n<div id=\"wp-block-themeisle-blocks-icon-list-item-8a382d90\" class=\"wp-block-themeisle-blocks-icon-list-item\"><i class=\"fas fa-check wp-block-themeisle-blocks-icon-list-item-icon\"><\/i><p class=\"wp-block-themeisle-blocks-icon-list-item-content\">Emerald<\/p><\/div>\n\n\n\n<div id=\"wp-block-themeisle-blocks-icon-list-item-df3175af\" class=\"wp-block-themeisle-blocks-icon-list-item\"><i class=\"fas fa-check wp-block-themeisle-blocks-icon-list-item-icon\"><\/i><p class=\"wp-block-themeisle-blocks-icon-list-item-content\">Hondata<\/p><\/div>\n\n\n\n<div id=\"wp-block-themeisle-blocks-icon-list-item-79a682dc\" class=\"wp-block-themeisle-blocks-icon-list-item\"><i class=\"fas fa-check wp-block-themeisle-blocks-icon-list-item-icon\"><\/i><p class=\"wp-block-themeisle-blocks-icon-list-item-content\">Motec<\/p><\/div>\n\n\n\n<div id=\"wp-block-themeisle-blocks-icon-list-item-59376f96\" class=\"wp-block-themeisle-blocks-icon-list-item\"><i class=\"fas fa-check wp-block-themeisle-blocks-icon-list-item-icon\"><\/i><p class=\"wp-block-themeisle-blocks-icon-list-item-content\">Ignitec\/Ignijet<\/p><\/div>\n<\/div>\n\n\n\n<p><\/p>\n\n\n\n<p><\/p>\n\n\n\n<p><\/p>\n\n\n\n<p><\/p>\n","protected":false},"excerpt":{"rendered":"<p>Wir f\u00fchren Anpassungen am Rollenpr\u00fcfstand f\u00fcr folgende Systeme durch :<\/p>\n","protected":false},"author":1,"featured_media":0,"parent":0,"menu_order":0,"comment_status":"closed","ping_status":"closed","template":"","meta":{"_themeisle_gutenberg_block_has_review":false,"footnotes":""},"class_list":["post-179","page","type-page","status-publish","hentry"],"_links":{"self":[{"href":"https:\/\/www.htrdevelopment.com\/index.php\/wp-json\/wp\/v2\/pages\/179","targetHints":{"allow":["GET"]}}],"collection":[{"href":"https:\/\/www.htrdevelopment.com\/index.php\/wp-json\/wp\/v2\/pages"}],"about":[{"href":"https:\/\/www.htrdevelopment.com\/index.php\/wp-json\/wp\/v2\/types\/page"}],"author":[{"embeddable":true,"href":"https:\/\/www.htrdevelopment.com\/index.php\/wp-json\/wp\/v2\/users\/1"}],"replies":[{"embeddable":true,"href":"https:\/\/www.htrdevelopment.com\/index.php\/wp-json\/wp\/v2\/comments?post=179"}],"version-history":[{"count":2,"href":"https:\/\/www.htrdevelopment.com\/index.php\/wp-json\/wp\/v2\/pages\/179\/revisions"}],"predecessor-version":[{"id":203,"href":"https:\/\/www.htrdevelopment.com\/index.php\/wp-json\/wp\/v2\/pages\/179\/revisions\/203"}],"wp:attachment":[{"href":"https:\/\/www.htrdevelopment.com\/index.php\/wp-json\/wp\/v2\/media?parent=179"}],"curies":[{"name":"wp","href":"https:\/\/api.w.org\/{rel}","templated":true}]}}