{"id":185,"date":"2025-06-27T08:25:08","date_gmt":"2025-06-27T08:25:08","guid":{"rendered":"https:\/\/www.htrdevelopment.com\/?page_id=185"},"modified":"2025-06-27T13:06:43","modified_gmt":"2025-06-27T13:06:43","slug":"agb","status":"publish","type":"page","link":"https:\/\/www.htrdevelopment.com\/index.php\/agb\/","title":{"rendered":"AGB"},"content":{"rendered":"\n<div class=\"wp-block-group\"><div class=\"wp-block-group__inner-container is-layout-constrained wp-block-group-is-layout-constrained\">\n<details class=\"wp-block-details is-layout-flow wp-block-details-is-layout-flow\"><summary>Anwendungsbereich<br>1. Alle Lieferungen und Leistungen, die HTR Development f\u00fcr Kunden erbringt, erfolgen prinzipiell unter Grundlage der nachfolgenden AGB in ihrer g\u00fcltigen Fassung zum Zeitpunkt der Bestellung.<br>2. Abweichenden Regelungen kann und wird widersprochen.<br>3. In den Bereichen, in denen die AGB keine Regelungen vorgeben, gelten die gesetzlichen Vorschriften franz\u00f6sische.<\/summary>\n<p><\/p>\n<\/details>\n<\/div><\/div>\n\n\n\n<details class=\"wp-block-details is-layout-flow wp-block-details-is-layout-flow\"><summary>Widerrufsrecht<br>1. HTR Development handelt ausschlie\u00dflich mit Motorsportartikeln. Diese Artikel werden ausschlie\u00dflich f\u00fcr den Motorsport hergestellt, angeboten (ohne Zulassung f\u00fcr den \u00f6ffentlichen Stra\u00dfenverkehr) und auf Kundenbestellung hergestellt. Mit ausf\u00fcllen des Bestellformulars und erhalt der Auftragsbest\u00e4tigung ist der Kaufvertrag rechtskr\u00e4ftig und kann nicht mehr Widerrufen werden.<\/summary>\n<p><\/p>\n<\/details>\n\n\n\n<details class=\"wp-block-details is-layout-flow wp-block-details-is-layout-flow\"><summary>Preise und Versandkosten<br>1. Die Preise verstehen sich zuz\u00fcglich der Versand- und Verpackungskosten.<br>2. Nach Bestellungseingang werden die Versand- und Verpackungskosten individuell f\u00fcr jeden Auftrag neu berechnet und kalkuliert und k\u00f6nnen nicht im Voraus festgelegt werden, da Gurtma\u00df und Volumen je nach Bestellung variiert.<br>3. Lieferungen in EU oder nicht EU L\u00e4nder sind generell erst nach Absprache evtl. m\u00f6glich.<\/summary>\n<p><\/p>\n<\/details>\n\n\n\n<details class=\"wp-block-details is-layout-flow wp-block-details-is-layout-flow\"><summary>Lieferung<br>1. Die Lieferung erfolgt nur in bestimmte L\u00e4nder. Bitte erfragen Sie diese L\u00e4nder unter der angegebenen E-Mail-Adresse oder Telefonisch.<br>2. Angek\u00fcndigte Liefertermine gelten, wenn keine Fixgesch\u00e4fte vereinbart worden sind, als blo\u00df ann\u00e4hernd gesch\u00e4tzt. Wird ein vereinbarter Liefertermin um mehr als zwei Wochen \u00fcberschritten, so kann der K\u00e4ufer schriftlich eine Nachfrist von zwei Wochen setzen und nach ihrem Verstreichen vom Vertrag zur\u00fccktreten. Hat er keinen Liefertermin vereinbart, so bedarf es vor der Nachfristsetzung zun\u00e4chst einer angemessenen Lieferfrist.<\/summary>\n<p><\/p>\n<\/details>\n\n\n\n<details class=\"wp-block-details is-layout-flow wp-block-details-is-layout-flow\"><summary>Zahlung<br>1. Die Zahlung erfolg im Regelfall immer per Vorkasse. Nach Erhalt der Rechnung haben Sie 10 Tage Zeit zum begleichen der Rechnung.<\/summary>\n<p><\/p>\n<\/details>\n\n\n\n<details class=\"wp-block-details is-layout-flow wp-block-details-is-layout-flow\"><summary>Eigentumsvorbehalt<br>1. Bis zur vollst\u00e4ndigen Bezahlung bleibt die gelieferte Ware Eigentum von&nbsp;HTR Development.<br><\/summary>\n<p><\/p>\n<\/details>\n\n\n\n<details class=\"wp-block-details is-layout-flow wp-block-details-is-layout-flow\"><summary> Gew\u00e4hrleistung<br>1. HTR Development verkauft ausschlie\u00dflich Artikel f\u00fcr den Motorsport. Da diese Artikel nur unter Rennbedingungen und h\u00f6chsten Belastungen eingesetzt werden, schlie\u00dfen wir die Gew\u00e4hrleistung f\u00fcr diese Artikel in jeder Form aus.<\/summary>\n<p><\/p>\n<\/details>\n\n\n\n<details class=\"wp-block-details is-layout-flow wp-block-details-is-layout-flow\"><summary>Schlussbestimmungen \/ Salvatorische Klausel<br>1. Sollte eine Bestimmung dieser allgemeinen Gesch\u00e4ftsbedingungen unwirksam sein, so bleibt der Vertrag im \u00fcbrigem wirksam. Anstelle der unwirksamen Bestimmung gelten die einschl\u00e4gigen gesetzlichen Vorschriften.<br>2.Es gilt franz\u00f6sisches Recht, das zust\u00e4ndige Gericht ist Saverne.<\/summary>\n<p><\/p>\n<\/details>\n\n\n\n<details class=\"wp-block-details is-layout-flow wp-block-details-is-layout-flow\"><summary>Garantie<br>Unsere Arbeit basiert auf der Suche nach reiner Leistung, keine Garantie kann \u00fcbernommen werden.<br><br><\/summary><\/details>\n\n\n\n<p><br><\/p>\n","protected":false},"excerpt":{"rendered":"","protected":false},"author":1,"featured_media":0,"parent":0,"menu_order":0,"comment_status":"closed","ping_status":"closed","template":"","meta":{"_themeisle_gutenberg_block_has_review":false,"footnotes":""},"class_list":["post-185","page","type-page","status-publish","hentry"],"_links":{"self":[{"href":"https:\/\/www.htrdevelopment.com\/index.php\/wp-json\/wp\/v2\/pages\/185","targetHints":{"allow":["GET"]}}],"collection":[{"href":"https:\/\/www.htrdevelopment.com\/index.php\/wp-json\/wp\/v2\/pages"}],"about":[{"href":"https:\/\/www.htrdevelopment.com\/index.php\/wp-json\/wp\/v2\/types\/page"}],"author":[{"embeddable":true,"href":"https:\/\/www.htrdevelopment.com\/index.php\/wp-json\/wp\/v2\/users\/1"}],"replies":[{"embeddable":true,"href":"https:\/\/www.htrdevelopment.com\/index.php\/wp-json\/wp\/v2\/comments?post=185"}],"version-history":[{"count":8,"href":"https:\/\/www.htrdevelopment.com\/index.php\/wp-json\/wp\/v2\/pages\/185\/revisions"}],"predecessor-version":[{"id":208,"href":"https:\/\/www.htrdevelopment.com\/index.php\/wp-json\/wp\/v2\/pages\/185\/revisions\/208"}],"wp:attachment":[{"href":"https:\/\/www.htrdevelopment.com\/index.php\/wp-json\/wp\/v2\/media?parent=185"}],"curies":[{"name":"wp","href":"https:\/\/api.w.org\/{rel}","templated":true}]}}